{"id":2,"date":"2017-12-12T12:55:06","date_gmt":"2017-12-12T12:55:06","guid":{"rendered":"http:\/\/ayuntamiento.dev\/transparencia\/?page_id=2"},"modified":"2025-06-27T10:06:51","modified_gmt":"2025-06-27T14:06:51","slug":"inicio","status":"publish","type":"page","link":"https:\/\/gobernacionlavega.gob.do\/transparencia\/","title":{"rendered":"Inicio"},"content":{"rendered":"<p style=\"text-align: justify\">En este portal interactivo hacemos disponible todo lo requerido en la <strong>Ley General de Libre Acceso a la<\/strong> <strong>Informaci\u00f3n P\u00fablica<\/strong>, No. <span style=\"text-decoration: underline\"><a href=\"https:\/\/gobernacionlavega.gob.do\/transparencia\/wp-content\/uploads\/2024\/06\/Ley-200-04-sobre-Libre-Acceso-a-la-Informacion.pdf\">200-04<\/a><\/span>, y el <strong>Decreto<\/strong> No. <span style=\"text-decoration: underline\"><a href=\"https:\/\/gobernacionlavega.gob.do\/transparencia\/wp-content\/uploads\/2024\/06\/Decreto-No.-130-05-que-aprueba-el-Reglamento-de-Aplicacion-de-la-Ley-200-04.pdf\">130-05<\/a><\/span> que crea el reglamento de la ley. As\u00ed como la <strong>Resoluci\u00f3n <\/strong>No. <span style=\"text-decoration: underline\"><a href=\"https:\/\/gobernacionlavega.gob.do\/transparencia\/wp-content\/uploads\/2024\/06\/Resolucion-No.-03-2023-Politicas-de-Portales-de-Transparencia-de-las-Gobernaciones-Provinciales.pdf\">003-2023<\/a><\/span> que establece las pol\u00edticas de estandarizaci\u00f3n de Portales de Transparencia de las Gobernaciones Provinciales.<\/p>\n<p style=\"text-align: justify\"><strong>Art\u00edculo 5.-<\/strong> Se dispone la informatizaci\u00f3n y la incorporaci\u00f3n al sistema de comunicaci\u00f3n por Internet, o a cualquier otro sistema similar que en el futuro se establezca, de todos los organismos p\u00fablicos centralizados y descentralizados del Estado, incluyendo el Distrito Nacional y los Municipios, con la finalidad de garantizar a trav\u00e9s de \u00e9ste un acceso directo del p\u00fablico a la informaci\u00f3n del Estado.<\/p>\n<p>Todos los poderes y organismos del Estado deber\u00e1n instrumentar la publicaci\u00f3n de sus respectivas \u00abP\u00e1ginas Web\u00bb a los siguientes fines:<\/p>\n<p><strong style=\"font-size: revert;text-align: justify;color: initial\">a) Difusi\u00f3n de informaci\u00f3n: <\/strong>Estructura, integrantes, normativas de funcionamiento, proyectos, informes de gesti\u00f3n, base de datos.<\/p>\n<p style=\"text-align: justify\"><strong>b) Centro de intercambio y atenci\u00f3n al cliente o usuario: <\/strong>Consultas, quejas y sugerencias.<\/p>\n<p style=\"text-align: justify\"><strong>c) Tr\u00e1mites o transacciones bilaterales.<\/strong><\/p>\n<p style=\"text-align: justify\">La informaci\u00f3n a que hace referencia el p\u00e1rrafo anterior ser\u00e1 de libre acceso al p\u00fablico sin necesidad de petici\u00f3n previa.<\/p>\n<p><em>Nuestro Portal cumple con las especificaciones contempladas en la Ley <span style=\"text-decoration: underline\"><a href=\"https:\/\/gobernacionlavega.gob.do\/transparencia\/wp-content\/uploads\/2024\/06\/Ley-200-04-sobre-Libre-Acceso-a-la-Informacion.pdf\">200-04<\/a><\/span>, la cual establece la actualizaci\u00f3n permanente de las informaciones ofrecidas en el mismo.<\/em><\/p>\n\n","protected":false},"excerpt":{"rendered":"En este portal interactivo hacemos disponible todo lo requerido en la Ley General de Libre Acceso a la Informaci\u00f3n P\u00fablica, No. 200-04, y el Decreto No. 130-05 que crea el reglamento de la ley. As\u00ed como la Resoluci\u00f3n No. 003-2023 que establece las pol\u00edticas de estandarizaci\u00f3n de Portales de Transparencia de las Gobernaciones Provinciales. Art\u00edculo&#8230;","protected":false},"author":1,"featured_media":0,"parent":0,"menu_order":0,"comment_status":"closed","ping_status":"open","template":"template-home.php","meta":{"footnotes":""},"class_list":["post-2","page","type-page","status-publish","hentry"],"acf":[],"_links":{"self":[{"href":"https:\/\/gobernacionlavega.gob.do\/transparencia\/wp-json\/wp\/v2\/pages\/2","targetHints":{"allow":["GET"]}}],"collection":[{"href":"https:\/\/gobernacionlavega.gob.do\/transparencia\/wp-json\/wp\/v2\/pages"}],"about":[{"href":"https:\/\/gobernacionlavega.gob.do\/transparencia\/wp-json\/wp\/v2\/types\/page"}],"author":[{"embeddable":true,"href":"https:\/\/gobernacionlavega.gob.do\/transparencia\/wp-json\/wp\/v2\/users\/1"}],"replies":[{"embeddable":true,"href":"https:\/\/gobernacionlavega.gob.do\/transparencia\/wp-json\/wp\/v2\/comments?post=2"}],"version-history":[{"count":47,"href":"https:\/\/gobernacionlavega.gob.do\/transparencia\/wp-json\/wp\/v2\/pages\/2\/revisions"}],"predecessor-version":[{"id":5377,"href":"https:\/\/gobernacionlavega.gob.do\/transparencia\/wp-json\/wp\/v2\/pages\/2\/revisions\/5377"}],"wp:attachment":[{"href":"https:\/\/gobernacionlavega.gob.do\/transparencia\/wp-json\/wp\/v2\/media?parent=2"}],"curies":[{"name":"wp","href":"https:\/\/api.w.org\/{rel}","templated":true}]}}